{"id":6402,"date":"2020-10-07T12:00:28","date_gmt":"2020-10-07T10:00:28","guid":{"rendered":"http:\/\/capethemes.com\/demo\/newsource\/?page_id=6402"},"modified":"2023-04-14T13:50:15","modified_gmt":"2023-04-14T11:50:15","slug":"about-gida","status":"publish","type":"page","link":"http:\/\/www.gida.fr\/en\/a-propos\/","title":{"rendered":"A propos"},"content":{"rendered":"<div data-elementor-type=\"wp-page\" data-elementor-id=\"6402\" class=\"elementor elementor-6402\" data-elementor-post-type=\"page\">\n\t\t\t\t\t\t<section class=\"elementor-section elementor-top-section elementor-element elementor-element-16e8dc3 elementor-section-height-min-height elementor-section-boxed elementor-section-height-default elementor-section-items-middle\" data-id=\"16e8dc3\" data-element_type=\"section\" data-e-type=\"section\" data-settings=\"{&quot;background_background&quot;:&quot;classic&quot;,&quot;jet_parallax_layout_list&quot;:[]}\">\n\t\t\t\t\t\t\t<div class=\"elementor-background-overlay\"><\/div>\n\t\t\t\t\t\t\t<div class=\"elementor-container elementor-column-gap-wider\">\n\t\t\t\t\t<div class=\"elementor-column elementor-col-100 elementor-top-column elementor-element elementor-element-5c8f287\" data-id=\"5c8f287\" data-element_type=\"column\" data-e-type=\"column\">\n\t\t\t<div class=\"elementor-widget-wrap elementor-element-populated\">\n\t\t\t\t\t\t<div class=\"elementor-element elementor-element-ca0faae elementor-widget elementor-widget-heading\" data-id=\"ca0faae\" data-element_type=\"widget\" data-e-type=\"widget\" data-widget_type=\"heading.default\">\n\t\t\t\t<div class=\"elementor-widget-container\">\n\t\t\t\t\t<h1 class=\"elementor-heading-title elementor-size-default\">About gida<\/h1>\t\t\t\t<\/div>\n\t\t\t\t<\/div>\n\t\t\t\t\t<\/div>\n\t\t<\/div>\n\t\t\t\t\t<\/div>\n\t\t<\/section>\n\t\t\t\t<section class=\"elementor-section elementor-top-section elementor-element elementor-element-747f2c7 elementor-section-boxed elementor-section-height-default elementor-section-height-default\" data-id=\"747f2c7\" data-element_type=\"section\" data-e-type=\"section\" data-settings=\"{&quot;jet_parallax_layout_list&quot;:[],&quot;background_background&quot;:&quot;classic&quot;}\">\n\t\t\t\t\t\t<div class=\"elementor-container elementor-column-gap-default\">\n\t\t\t\t\t<div class=\"elementor-column elementor-col-100 elementor-top-column elementor-element elementor-element-4e28978\" data-id=\"4e28978\" data-element_type=\"column\" data-e-type=\"column\">\n\t\t\t<div class=\"elementor-widget-wrap elementor-element-populated\">\n\t\t\t\t\t\t<div class=\"elementor-element elementor-element-b6fec33 elementor-widget elementor-widget-heading\" data-id=\"b6fec33\" data-element_type=\"widget\" data-e-type=\"widget\" data-widget_type=\"heading.default\">\n\t\t\t\t<div class=\"elementor-widget-container\">\n\t\t\t\t\t<h2 class=\"elementor-heading-title elementor-size-xxl\">A family business<\/h2>\t\t\t\t<\/div>\n\t\t\t\t<\/div>\n\t\t\t\t\t<\/div>\n\t\t<\/div>\n\t\t\t\t\t<\/div>\n\t\t<\/section>\n\t\t\t\t<section class=\"elementor-section elementor-top-section elementor-element elementor-element-f525fa3 elementor-section-boxed elementor-section-height-default elementor-section-height-default\" data-id=\"f525fa3\" data-element_type=\"section\" data-e-type=\"section\" data-settings=\"{&quot;background_background&quot;:&quot;classic&quot;,&quot;jet_parallax_layout_list&quot;:[]}\">\n\t\t\t\t\t\t<div class=\"elementor-container elementor-column-gap-wider\">\n\t\t\t\t\t<div class=\"elementor-column elementor-col-50 elementor-top-column elementor-element elementor-element-85bfc48\" data-id=\"85bfc48\" data-element_type=\"column\" data-e-type=\"column\">\n\t\t\t<div class=\"elementor-widget-wrap elementor-element-populated\">\n\t\t\t\t\t\t<div class=\"elementor-element elementor-element-cee506f elementor-widget elementor-widget-text-editor\" data-id=\"cee506f\" data-element_type=\"widget\" data-e-type=\"widget\" data-widget_type=\"text-editor.default\">\n\t\t\t\t<div class=\"elementor-widget-container\">\n\t\t\t\t\t\t\t\t\t<p>Founded in 1960 by Gilbert DEYBACH, the family owned business started in Gundolsheim in the family property.<\/p><p>Depuis 2001, GIDA s&#8217;implante \u00e0 Wittenheim (68270) &#8211; Alsace \/ France dans un b\u00e2timent industriel adapt\u00e9 aux derni\u00e8res normes de l&#8217;agro-alimentaire.<\/p><p>\u00a0<\/p><p>L&#8217;entreprise est dot\u00e9e d&#8217;un outil de production moderne et flexible qui lui permet de fabriquer une large gamme de confiseries :<\/p><ul><li><strong>Aerated candies<\/strong><\/li><li><strong>Marshmallows<\/strong><\/li><li><strong>Jellies<\/strong><\/li><li><strong>Pastilles \u00e0 base de gomme d&#8217;acacia<\/strong><\/li><li><strong>Organic confectioneries...<\/strong><\/li><\/ul>\t\t\t\t\t\t\t\t<\/div>\n\t\t\t\t<\/div>\n\t\t\t\t\t<\/div>\n\t\t<\/div>\n\t\t\t\t<div class=\"elementor-column elementor-col-50 elementor-top-column elementor-element elementor-element-309d3a5\" data-id=\"309d3a5\" data-element_type=\"column\" data-e-type=\"column\" data-settings=\"{&quot;background_background&quot;:&quot;classic&quot;}\">\n\t\t\t<div class=\"elementor-widget-wrap elementor-element-populated\">\n\t\t\t\t\t\t<div class=\"elementor-element elementor-element-e03f197 elementor-widget elementor-widget-image\" data-id=\"e03f197\" data-element_type=\"widget\" data-e-type=\"widget\" data-widget_type=\"image.default\">\n\t\t\t\t<div class=\"elementor-widget-container\">\n\t\t\t\t\t\t\t\t\t\t\t\t\t\t\t<img decoding=\"async\" src=\"https:\/\/www.gida.fr\/wp-content\/uploads\/elementor\/thumbs\/P1110399-e1678960919788-2-q4gmpihefsh3i3er37nwxxmayinqlzo3jy271l9up8.jpg\" title=\"P1110399-e1678960919788 (2)\" alt=\"P1110399-e1678960919788 (2)\" loading=\"lazy\" \/>\t\t\t\t\t\t\t\t\t\t\t\t\t\t\t<\/div>\n\t\t\t\t<\/div>\n\t\t\t\t\t<\/div>\n\t\t<\/div>\n\t\t\t\t\t<\/div>\n\t\t<\/section>\n\t\t\t\t<section class=\"elementor-section elementor-top-section elementor-element elementor-element-2d49649 elementor-section-boxed elementor-section-height-default elementor-section-height-default\" data-id=\"2d49649\" data-element_type=\"section\" data-e-type=\"section\" data-settings=\"{&quot;jet_parallax_layout_list&quot;:[],&quot;background_background&quot;:&quot;classic&quot;}\">\n\t\t\t\t\t\t<div class=\"elementor-container elementor-column-gap-default\">\n\t\t\t\t\t<div class=\"elementor-column elementor-col-100 elementor-top-column elementor-element elementor-element-806e71d\" data-id=\"806e71d\" data-element_type=\"column\" data-e-type=\"column\">\n\t\t\t<div class=\"elementor-widget-wrap elementor-element-populated\">\n\t\t\t\t\t\t<div class=\"elementor-element elementor-element-8e53979 elementor-widget elementor-widget-heading\" data-id=\"8e53979\" data-element_type=\"widget\" data-e-type=\"widget\" data-widget_type=\"heading.default\">\n\t\t\t\t<div class=\"elementor-widget-container\">\n\t\t\t\t\t<p class=\"elementor-heading-title elementor-size-default\">Your customised product<\/p>\t\t\t\t<\/div>\n\t\t\t\t<\/div>\n\t\t\t\t\t<\/div>\n\t\t<\/div>\n\t\t\t\t\t<\/div>\n\t\t<\/section>\n\t\t\t\t<section class=\"elementor-section elementor-top-section elementor-element elementor-element-52d1d57 elementor-reverse-tablet elementor-reverse-mobile elementor-section-boxed elementor-section-height-default elementor-section-height-default\" data-id=\"52d1d57\" data-element_type=\"section\" data-e-type=\"section\" data-settings=\"{&quot;background_background&quot;:&quot;classic&quot;,&quot;jet_parallax_layout_list&quot;:[]}\">\n\t\t\t\t\t\t<div class=\"elementor-container elementor-column-gap-wider\">\n\t\t\t\t\t<div class=\"elementor-column elementor-col-50 elementor-top-column elementor-element elementor-element-29ae1ae\" data-id=\"29ae1ae\" data-element_type=\"column\" data-e-type=\"column\">\n\t\t\t<div class=\"elementor-widget-wrap elementor-element-populated\">\n\t\t\t\t\t\t<div class=\"elementor-element elementor-element-6e4a622 elementor-widget elementor-widget-image\" data-id=\"6e4a622\" data-element_type=\"widget\" data-e-type=\"widget\" data-widget_type=\"image.default\">\n\t\t\t\t<div class=\"elementor-widget-container\">\n\t\t\t\t\t\t\t\t\t\t\t\t\t\t\t<img fetchpriority=\"high\" decoding=\"async\" width=\"1080\" height=\"1080\" src=\"https:\/\/www.gida.fr\/wp-content\/uploads\/2023\/03\/bhhjhv.jpg\" class=\"attachment-full size-full wp-image-10586\" alt=\"\" srcset=\"https:\/\/www.gida.fr\/wp-content\/uploads\/2023\/03\/bhhjhv.jpg 1080w, https:\/\/www.gida.fr\/wp-content\/uploads\/2023\/03\/bhhjhv-300x300.jpg 300w, https:\/\/www.gida.fr\/wp-content\/uploads\/2023\/03\/bhhjhv-1024x1024.jpg 1024w, https:\/\/www.gida.fr\/wp-content\/uploads\/2023\/03\/bhhjhv-150x150.jpg 150w, https:\/\/www.gida.fr\/wp-content\/uploads\/2023\/03\/bhhjhv-768x768.jpg 768w, https:\/\/www.gida.fr\/wp-content\/uploads\/2023\/03\/bhhjhv-437x437.jpg 437w, https:\/\/www.gida.fr\/wp-content\/uploads\/2023\/03\/bhhjhv-236x236.jpg 236w, https:\/\/www.gida.fr\/wp-content\/uploads\/2023\/03\/bhhjhv-90x90.jpg 90w\" sizes=\"(max-width: 1080px) 100vw, 1080px\" \/>\t\t\t\t\t\t\t\t\t\t\t\t\t\t\t<\/div>\n\t\t\t\t<\/div>\n\t\t\t\t\t<\/div>\n\t\t<\/div>\n\t\t\t\t<div class=\"elementor-column elementor-col-50 elementor-top-column elementor-element elementor-element-11868ab\" data-id=\"11868ab\" data-element_type=\"column\" data-e-type=\"column\">\n\t\t\t<div class=\"elementor-widget-wrap elementor-element-populated\">\n\t\t\t\t\t\t<div class=\"elementor-element elementor-element-c6808e4 elementor-widget elementor-widget-text-editor\" data-id=\"c6808e4\" data-element_type=\"widget\" data-e-type=\"widget\" data-widget_type=\"text-editor.default\">\n\t\t\t\t<div class=\"elementor-widget-container\">\n\t\t\t\t\t\t\t\t\t<p>Gida is able to develop products that meet your specifications in order to reach a <strong>unique product<\/strong>, with your own packaging.<\/p>\t\t\t\t\t\t\t\t<\/div>\n\t\t\t\t<\/div>\n\t\t\t\t<div class=\"elementor-element elementor-element-cc0752e elementor-widget elementor-widget-text-editor\" data-id=\"cc0752e\" data-element_type=\"widget\" data-e-type=\"widget\" data-widget_type=\"text-editor.default\">\n\t\t\t\t<div class=\"elementor-widget-container\">\n\t\t\t\t\t\t\t\t\t<p>Gida commercialise ses produits aupr\u00e8s de grossistes, magasins sp\u00e9cialis\u00e9s, supermarch\u00e9s, industriels de l&#8217;agro-alimentaire, laboratoires, <strong>en France et \u00e0 l&#8217;\u00e9tranger.<\/strong><\/p>\t\t\t\t\t\t\t\t<\/div>\n\t\t\t\t<\/div>\n\t\t\t\t<div class=\"elementor-element elementor-element-00ef234 elementor-widget elementor-widget-heading\" data-id=\"00ef234\" data-element_type=\"widget\" data-e-type=\"widget\" data-widget_type=\"heading.default\">\n\t\t\t\t<div class=\"elementor-widget-container\">\n\t\t\t\t\t<h2 class=\"elementor-heading-title elementor-size-default\">Gida : flexibility and experience\nserving our customers !<\/h2>\t\t\t\t<\/div>\n\t\t\t\t<\/div>\n\t\t\t\t\t<\/div>\n\t\t<\/div>\n\t\t\t\t\t<\/div>\n\t\t<\/section>\n\t\t\t\t<\/div>","protected":false},"excerpt":{"rendered":"<div class=\"tmnf_excerpt\"><p>\u00c0 propos de Gida Une entreprise familiale La soci\u00e9t\u00e9 GIDA est une entreprise familiale, cr\u00e9\u00e9e en 1960 par Gilbert DEYBACH \u00e0 Gundolsheim. Depuis 2001, GIDA s&#8217;implante \u00e0 Wittenheim (68270) &#8211; Alsace \/ France dans un b\u00e2timent industriel adapt\u00e9 aux derni\u00e8res normes de l&#8217;agro-alimentaire. \u00a0 L&#8217;entreprise est dot\u00e9e d&#8217;un outil de production moderne et flexible qui &hellip;<\/p>\n<\/div>","protected":false},"author":1,"featured_media":0,"parent":0,"menu_order":0,"comment_status":"closed","ping_status":"closed","template":"elementor_header_footer","meta":{"footnotes":""},"class_list":["post-6402","page","type-page","status-publish","hentry"],"yoast_head":"<!-- This site is optimized with the Yoast SEO plugin v27.3 - https:\/\/yoast.com\/product\/yoast-seo-wordpress\/ -->\n<title>Gida - Fabricant sp\u00e9cialiste du bonbon en gros depuis 50 ans<\/title>\n<meta name=\"description\" content=\"Production de bonbons labellis\u00e9s, sur mesure sous votre marque partout en Europe par une confiserie (chaine de production moderne et flexible).\" \/>\n<meta name=\"robots\" content=\"index, follow, max-snippet:-1, max-image-preview:large, max-video-preview:-1\" \/>\n<link rel=\"canonical\" href=\"https:\/\/www.gida.fr\/en\/about-gida\/\" \/>\n<meta property=\"og:locale\" content=\"en_GB\" \/>\n<meta property=\"og:type\" content=\"article\" \/>\n<meta property=\"og:title\" content=\"Gida - Fabricant sp\u00e9cialiste du bonbon en gros depuis 50 ans\" \/>\n<meta property=\"og:description\" content=\"Production de bonbons labellis\u00e9s, sur mesure sous votre marque partout en Europe par une confiserie (chaine de production moderne et flexible).\" \/>\n<meta property=\"og:url\" content=\"https:\/\/www.gida.fr\/en\/about-gida\/\" \/>\n<meta property=\"og:site_name\" content=\"Gida\" \/>\n<meta property=\"article:modified_time\" content=\"2023-04-14T11:50:15+00:00\" \/>\n<meta property=\"og:image\" content=\"https:\/\/gida.ukoo.hosting\/wp-content\/uploads\/elementor\/thumbs\/P1110399-e1678960919788-2-q4gmpihefsh3i3er37nwxxmayinqlzo3jy271l9up8.jpg\" \/>\n<meta name=\"twitter:card\" content=\"summary_large_image\" \/>\n<meta name=\"twitter:label1\" content=\"Estimated reading time\" \/>\n\t<meta name=\"twitter:data1\" content=\"2 minutes\" \/>\n<script type=\"application\/ld+json\" class=\"yoast-schema-graph\">{\"@context\":\"https:\\\/\\\/schema.org\",\"@graph\":[{\"@type\":\"WebPage\",\"@id\":\"https:\\\/\\\/www.gida.fr\\\/a-propos\\\/\",\"url\":\"https:\\\/\\\/www.gida.fr\\\/a-propos\\\/\",\"name\":\"Gida - Fabricant sp\u00e9cialiste du bonbon en gros depuis 50 ans\",\"isPartOf\":{\"@id\":\"https:\\\/\\\/www.gida.fr\\\/#website\"},\"primaryImageOfPage\":{\"@id\":\"https:\\\/\\\/www.gida.fr\\\/a-propos\\\/#primaryimage\"},\"image\":{\"@id\":\"https:\\\/\\\/www.gida.fr\\\/a-propos\\\/#primaryimage\"},\"thumbnailUrl\":\"https:\\\/\\\/gida.ukoo.hosting\\\/wp-content\\\/uploads\\\/elementor\\\/thumbs\\\/P1110399-e1678960919788-2-q4gmpihefsh3i3er37nwxxmayinqlzo3jy271l9up8.jpg\",\"datePublished\":\"2020-10-07T10:00:28+00:00\",\"dateModified\":\"2023-04-14T11:50:15+00:00\",\"description\":\"Production de bonbons labellis\u00e9s, sur mesure sous votre marque partout en Europe par une confiserie (chaine de production moderne et flexible).\",\"breadcrumb\":{\"@id\":\"https:\\\/\\\/www.gida.fr\\\/a-propos\\\/#breadcrumb\"},\"inLanguage\":\"en-GB\",\"potentialAction\":[{\"@type\":\"ReadAction\",\"target\":[\"https:\\\/\\\/www.gida.fr\\\/a-propos\\\/\"]}]},{\"@type\":\"ImageObject\",\"inLanguage\":\"en-GB\",\"@id\":\"https:\\\/\\\/www.gida.fr\\\/a-propos\\\/#primaryimage\",\"url\":\"https:\\\/\\\/gida.ukoo.hosting\\\/wp-content\\\/uploads\\\/elementor\\\/thumbs\\\/P1110399-e1678960919788-2-q4gmpihefsh3i3er37nwxxmayinqlzo3jy271l9up8.jpg\",\"contentUrl\":\"https:\\\/\\\/gida.ukoo.hosting\\\/wp-content\\\/uploads\\\/elementor\\\/thumbs\\\/P1110399-e1678960919788-2-q4gmpihefsh3i3er37nwxxmayinqlzo3jy271l9up8.jpg\"},{\"@type\":\"BreadcrumbList\",\"@id\":\"https:\\\/\\\/www.gida.fr\\\/a-propos\\\/#breadcrumb\",\"itemListElement\":[{\"@type\":\"ListItem\",\"position\":1,\"name\":\"Accueil\",\"item\":\"https:\\\/\\\/www.gida.fr\\\/\"},{\"@type\":\"ListItem\",\"position\":2,\"name\":\"A propos\"}]},{\"@type\":\"WebSite\",\"@id\":\"https:\\\/\\\/www.gida.fr\\\/#website\",\"url\":\"https:\\\/\\\/www.gida.fr\\\/\",\"name\":\"Gida\",\"description\":\"\",\"potentialAction\":[{\"@type\":\"SearchAction\",\"target\":{\"@type\":\"EntryPoint\",\"urlTemplate\":\"https:\\\/\\\/www.gida.fr\\\/?s={search_term_string}\"},\"query-input\":{\"@type\":\"PropertyValueSpecification\",\"valueRequired\":true,\"valueName\":\"search_term_string\"}}],\"inLanguage\":\"en-GB\"}]}<\/script>\n<!-- \/ Yoast SEO plugin. -->","yoast_head_json":{"title":"Gida - Fabricant sp\u00e9cialiste du bonbon en gros depuis 50 ans","description":"Production de bonbons labellis\u00e9s, sur mesure sous votre marque partout en Europe par une confiserie (chaine de production moderne et flexible).","robots":{"index":"index","follow":"follow","max-snippet":"max-snippet:-1","max-image-preview":"max-image-preview:large","max-video-preview":"max-video-preview:-1"},"canonical":"https:\/\/www.gida.fr\/en\/about-gida\/","og_locale":"en_GB","og_type":"article","og_title":"Gida - Fabricant sp\u00e9cialiste du bonbon en gros depuis 50 ans","og_description":"Production de bonbons labellis\u00e9s, sur mesure sous votre marque partout en Europe par une confiserie (chaine de production moderne et flexible).","og_url":"https:\/\/www.gida.fr\/en\/about-gida\/","og_site_name":"Gida","article_modified_time":"2023-04-14T11:50:15+00:00","og_image":[{"url":"https:\/\/gida.ukoo.hosting\/wp-content\/uploads\/elementor\/thumbs\/P1110399-e1678960919788-2-q4gmpihefsh3i3er37nwxxmayinqlzo3jy271l9up8.jpg","type":"","width":"","height":""}],"twitter_card":"summary_large_image","twitter_misc":{"Estimated reading time":"2 minutes"},"schema":{"@context":"https:\/\/schema.org","@graph":[{"@type":"WebPage","@id":"https:\/\/www.gida.fr\/a-propos\/","url":"https:\/\/www.gida.fr\/a-propos\/","name":"Gida - Fabricant sp\u00e9cialiste du bonbon en gros depuis 50 ans","isPartOf":{"@id":"https:\/\/www.gida.fr\/#website"},"primaryImageOfPage":{"@id":"https:\/\/www.gida.fr\/a-propos\/#primaryimage"},"image":{"@id":"https:\/\/www.gida.fr\/a-propos\/#primaryimage"},"thumbnailUrl":"https:\/\/gida.ukoo.hosting\/wp-content\/uploads\/elementor\/thumbs\/P1110399-e1678960919788-2-q4gmpihefsh3i3er37nwxxmayinqlzo3jy271l9up8.jpg","datePublished":"2020-10-07T10:00:28+00:00","dateModified":"2023-04-14T11:50:15+00:00","description":"Production de bonbons labellis\u00e9s, sur mesure sous votre marque partout en Europe par une confiserie (chaine de production moderne et flexible).","breadcrumb":{"@id":"https:\/\/www.gida.fr\/a-propos\/#breadcrumb"},"inLanguage":"en-GB","potentialAction":[{"@type":"ReadAction","target":["https:\/\/www.gida.fr\/a-propos\/"]}]},{"@type":"ImageObject","inLanguage":"en-GB","@id":"https:\/\/www.gida.fr\/a-propos\/#primaryimage","url":"https:\/\/gida.ukoo.hosting\/wp-content\/uploads\/elementor\/thumbs\/P1110399-e1678960919788-2-q4gmpihefsh3i3er37nwxxmayinqlzo3jy271l9up8.jpg","contentUrl":"https:\/\/gida.ukoo.hosting\/wp-content\/uploads\/elementor\/thumbs\/P1110399-e1678960919788-2-q4gmpihefsh3i3er37nwxxmayinqlzo3jy271l9up8.jpg"},{"@type":"BreadcrumbList","@id":"https:\/\/www.gida.fr\/a-propos\/#breadcrumb","itemListElement":[{"@type":"ListItem","position":1,"name":"Accueil","item":"https:\/\/www.gida.fr\/"},{"@type":"ListItem","position":2,"name":"A propos"}]},{"@type":"WebSite","@id":"https:\/\/www.gida.fr\/#website","url":"https:\/\/www.gida.fr\/","name":"Gida","description":"","potentialAction":[{"@type":"SearchAction","target":{"@type":"EntryPoint","urlTemplate":"https:\/\/www.gida.fr\/?s={search_term_string}"},"query-input":{"@type":"PropertyValueSpecification","valueRequired":true,"valueName":"search_term_string"}}],"inLanguage":"en-GB"}]}},"_links":{"self":[{"href":"http:\/\/www.gida.fr\/en\/wp-json\/wp\/v2\/pages\/6402","targetHints":{"allow":["GET"]}}],"collection":[{"href":"http:\/\/www.gida.fr\/en\/wp-json\/wp\/v2\/pages"}],"about":[{"href":"http:\/\/www.gida.fr\/en\/wp-json\/wp\/v2\/types\/page"}],"author":[{"embeddable":true,"href":"http:\/\/www.gida.fr\/en\/wp-json\/wp\/v2\/users\/1"}],"replies":[{"embeddable":true,"href":"http:\/\/www.gida.fr\/en\/wp-json\/wp\/v2\/comments?post=6402"}],"version-history":[{"count":779,"href":"http:\/\/www.gida.fr\/en\/wp-json\/wp\/v2\/pages\/6402\/revisions"}],"predecessor-version":[{"id":13341,"href":"http:\/\/www.gida.fr\/en\/wp-json\/wp\/v2\/pages\/6402\/revisions\/13341"}],"wp:attachment":[{"href":"http:\/\/www.gida.fr\/en\/wp-json\/wp\/v2\/media?parent=6402"}],"curies":[{"name":"wp","href":"https:\/\/api.w.org\/{rel}","templated":true}]}}