{"id":9054,"date":"2023-03-06T14:05:39","date_gmt":"2023-03-06T13:05:39","guid":{"rendered":"https:\/\/gida.ukoo.hosting\/?page_id=9054"},"modified":"2023-04-14T13:50:26","modified_gmt":"2023-04-14T11:50:26","slug":"unser-know-how","status":"publish","type":"page","link":"https:\/\/www.gida.fr\/de\/savoir-faire\/","title":{"rendered":"Know-how"},"content":{"rendered":"<div data-elementor-type=\"wp-page\" data-elementor-id=\"9054\" class=\"elementor elementor-9054\" data-elementor-post-type=\"page\">\n\t\t\t\t\t\t<section class=\"elementor-section elementor-top-section elementor-element elementor-element-df9a396 elementor-section-height-min-height elementor-section-boxed elementor-section-height-default elementor-section-items-middle\" data-id=\"df9a396\" data-element_type=\"section\" data-e-type=\"section\" data-settings=\"{&quot;background_background&quot;:&quot;classic&quot;,&quot;jet_parallax_layout_list&quot;:[]}\">\n\t\t\t\t\t\t\t<div class=\"elementor-background-overlay\"><\/div>\n\t\t\t\t\t\t\t<div class=\"elementor-container elementor-column-gap-wider\">\n\t\t\t\t\t<div class=\"elementor-column elementor-col-100 elementor-top-column elementor-element elementor-element-6ae84be\" data-id=\"6ae84be\" data-element_type=\"column\" data-e-type=\"column\">\n\t\t\t<div class=\"elementor-widget-wrap elementor-element-populated\">\n\t\t\t\t\t\t<div class=\"elementor-element elementor-element-85a6da6 elementor-widget elementor-widget-heading\" data-id=\"85a6da6\" data-element_type=\"widget\" data-e-type=\"widget\" data-widget_type=\"heading.default\">\n\t\t\t\t<div class=\"elementor-widget-container\">\n\t\t\t\t\t<h1 class=\"elementor-heading-title elementor-size-default\">Unser Know-how <\/h1>\t\t\t\t<\/div>\n\t\t\t\t<\/div>\n\t\t\t\t\t<\/div>\n\t\t<\/div>\n\t\t\t\t\t<\/div>\n\t\t<\/section>\n\t\t\t\t<section class=\"elementor-section elementor-top-section elementor-element elementor-element-49048d5 elementor-section-boxed elementor-section-height-default elementor-section-height-default\" data-id=\"49048d5\" data-element_type=\"section\" data-e-type=\"section\" data-settings=\"{&quot;jet_parallax_layout_list&quot;:[],&quot;background_background&quot;:&quot;classic&quot;}\">\n\t\t\t\t\t\t<div class=\"elementor-container elementor-column-gap-default\">\n\t\t\t\t\t<div class=\"elementor-column elementor-col-100 elementor-top-column elementor-element elementor-element-95433a4\" data-id=\"95433a4\" data-element_type=\"column\" data-e-type=\"column\">\n\t\t\t<div class=\"elementor-widget-wrap elementor-element-populated\">\n\t\t\t\t\t\t<div class=\"elementor-element elementor-element-b994173 elementor-widget elementor-widget-heading\" data-id=\"b994173\" data-element_type=\"widget\" data-e-type=\"widget\" data-widget_type=\"heading.default\">\n\t\t\t\t<div class=\"elementor-widget-container\">\n\t\t\t\t\t<h2 class=\"elementor-heading-title elementor-size-default\"><a href=\"http:\/\/G\">GIDA ein Know-how in S\u00fc\u00dfwaren private label<\/a><\/h2>\t\t\t\t<\/div>\n\t\t\t\t<\/div>\n\t\t\t\t\t<\/div>\n\t\t<\/div>\n\t\t\t\t\t<\/div>\n\t\t<\/section>\n\t\t\t\t<section class=\"elementor-section elementor-top-section elementor-element elementor-element-fcdc351 elementor-reverse-tablet elementor-reverse-mobile elementor-section-boxed elementor-section-height-default elementor-section-height-default\" data-id=\"fcdc351\" data-element_type=\"section\" data-e-type=\"section\" data-settings=\"{&quot;background_background&quot;:&quot;classic&quot;,&quot;jet_parallax_layout_list&quot;:[]}\">\n\t\t\t\t\t\t<div class=\"elementor-container elementor-column-gap-wider\">\n\t\t\t\t\t<div class=\"elementor-column elementor-col-50 elementor-top-column elementor-element elementor-element-5ed7fa9\" data-id=\"5ed7fa9\" data-element_type=\"column\" data-e-type=\"column\" data-settings=\"{&quot;background_background&quot;:&quot;classic&quot;}\">\n\t\t\t<div class=\"elementor-widget-wrap elementor-element-populated\">\n\t\t\t\t\t\t<div class=\"elementor-element elementor-element-5f48ddd elementor-widget elementor-widget-image\" data-id=\"5f48ddd\" data-element_type=\"widget\" data-e-type=\"widget\" data-widget_type=\"image.default\">\n\t\t\t\t<div class=\"elementor-widget-container\">\n\t\t\t\t\t\t\t\t\t\t\t\t\t\t\t<img fetchpriority=\"high\" decoding=\"async\" width=\"1920\" height=\"950\" src=\"https:\/\/www.gida.fr\/wp-content\/uploads\/2023\/03\/Gida-bandeaux4-min-1-1.jpg\" class=\"attachment-full size-full wp-image-11746\" alt=\"\" srcset=\"https:\/\/www.gida.fr\/wp-content\/uploads\/2023\/03\/Gida-bandeaux4-min-1-1.jpg 1920w, https:\/\/www.gida.fr\/wp-content\/uploads\/2023\/03\/Gida-bandeaux4-min-1-1-300x148.jpg 300w, https:\/\/www.gida.fr\/wp-content\/uploads\/2023\/03\/Gida-bandeaux4-min-1-1-1024x507.jpg 1024w, https:\/\/www.gida.fr\/wp-content\/uploads\/2023\/03\/Gida-bandeaux4-min-1-1-768x380.jpg 768w, https:\/\/www.gida.fr\/wp-content\/uploads\/2023\/03\/Gida-bandeaux4-min-1-1-1536x760.jpg 1536w, https:\/\/www.gida.fr\/wp-content\/uploads\/2023\/03\/Gida-bandeaux4-min-1-1-437x216.jpg 437w\" sizes=\"(max-width: 1920px) 100vw, 1920px\" \/>\t\t\t\t\t\t\t\t\t\t\t\t\t\t\t<\/div>\n\t\t\t\t<\/div>\n\t\t\t\t\t<\/div>\n\t\t<\/div>\n\t\t\t\t<div class=\"elementor-column elementor-col-50 elementor-top-column elementor-element elementor-element-7923cbb\" data-id=\"7923cbb\" data-element_type=\"column\" data-e-type=\"column\">\n\t\t\t<div class=\"elementor-widget-wrap elementor-element-populated\">\n\t\t\t\t\t\t<section class=\"elementor-section elementor-inner-section elementor-element elementor-element-9bc6937 elementor-section-boxed elementor-section-height-default elementor-section-height-default\" data-id=\"9bc6937\" data-element_type=\"section\" data-e-type=\"section\" data-settings=\"{&quot;jet_parallax_layout_list&quot;:[]}\">\n\t\t\t\t\t\t<div class=\"elementor-container elementor-column-gap-wider\">\n\t\t\t\t\t<div class=\"elementor-column elementor-col-100 elementor-inner-column elementor-element elementor-element-1dc4b9f\" data-id=\"1dc4b9f\" data-element_type=\"column\" data-e-type=\"column\">\n\t\t\t<div class=\"elementor-widget-wrap elementor-element-populated\">\n\t\t\t\t\t\t<div class=\"elementor-element elementor-element-394e3f7 elementor-widget elementor-widget-text-editor\" data-id=\"394e3f7\" data-element_type=\"widget\" data-e-type=\"widget\" data-widget_type=\"text-editor.default\">\n\t\t\t\t<div class=\"elementor-widget-container\">\n\t\t\t\t\t\t\t\t\t<p>Gida produziert in Puder gegossene S\u00fcsswaren :<\/p><ul><li>Schaumwaren<\/li><li>Geleebonbons<\/li><li>Marshmallows<\/li><li>Pastillen auf der Basis von Akaziengummi<\/li><\/ul><p>Spezifische Produktionsprozessen erm\u00f6glichen es empfindlichen Zutaten zu benutzen, ohne Verlust der Nutritionellequalit\u00e4ten.<\/p>\t\t\t\t\t\t\t\t<\/div>\n\t\t\t\t<\/div>\n\t\t\t\t<div class=\"elementor-element elementor-element-83baa74 elementor-button-danger elementor-align-left e-transform elementor-widget elementor-widget-button\" data-id=\"83baa74\" data-element_type=\"widget\" data-e-type=\"widget\" data-settings=\"{&quot;_transform_scale_effect&quot;:{&quot;unit&quot;:&quot;px&quot;,&quot;size&quot;:&quot;&quot;,&quot;sizes&quot;:[]},&quot;_transform_scale_effect_tablet&quot;:{&quot;unit&quot;:&quot;px&quot;,&quot;size&quot;:&quot;&quot;,&quot;sizes&quot;:[]},&quot;_transform_scale_effect_mobile&quot;:{&quot;unit&quot;:&quot;px&quot;,&quot;size&quot;:&quot;&quot;,&quot;sizes&quot;:[]}}\" data-widget_type=\"button.default\">\n\t\t\t\t<div class=\"elementor-widget-container\">\n\t\t\t\t\t\t\t\t\t<div class=\"elementor-button-wrapper\">\n\t\t\t\t\t<a class=\"elementor-button elementor-button-link elementor-size-md\" href=\"https:\/\/www.gida.fr\/de\/unsere-produkte\/\">\n\t\t\t\t\t\t<span class=\"elementor-button-content-wrapper\">\n\t\t\t\t\t\t<span class=\"elementor-button-icon\">\n\t\t\t\t<svg xmlns=\"http:\/\/www.w3.org\/2000\/svg\" viewbox=\"0 0 448 512\"><path d=\"M311.03 131.515l-7.071 7.07c-4.686 4.686-4.686 12.284 0 16.971L387.887 239H12c-6.627 0-12 5.373-12 12v10c0 6.627 5.373 12 12 12h375.887l-83.928 83.444c-4.686 4.686-4.686 12.284 0 16.971l7.071 7.07c4.686 4.686 12.284 4.686 16.97 0l116.485-116c4.686-4.686 4.686-12.284 0-16.971L328 131.515c-4.686-4.687-12.284-4.687-16.97 0z\"><\/path><\/svg>\t\t\t<\/span>\n\t\t\t\t\t\t\t\t\t<span class=\"elementor-button-text\">Entdecken Sie unsere Produkte <\/span>\n\t\t\t\t\t<\/span>\n\t\t\t\t\t<\/a>\n\t\t\t\t<\/div>\n\t\t\t\t\t\t\t\t<\/div>\n\t\t\t\t<\/div>\n\t\t\t\t\t<\/div>\n\t\t<\/div>\n\t\t\t\t\t<\/div>\n\t\t<\/section>\n\t\t\t\t\t<\/div>\n\t\t<\/div>\n\t\t\t\t\t<\/div>\n\t\t<\/section>\n\t\t\t\t<section class=\"elementor-section elementor-top-section elementor-element elementor-element-b73f6d8 elementor-section-boxed elementor-section-height-default elementor-section-height-default\" data-id=\"b73f6d8\" data-element_type=\"section\" data-e-type=\"section\" data-settings=\"{&quot;jet_parallax_layout_list&quot;:[],&quot;background_background&quot;:&quot;classic&quot;}\">\n\t\t\t\t\t\t<div class=\"elementor-container elementor-column-gap-default\">\n\t\t\t\t\t<div class=\"elementor-column elementor-col-100 elementor-top-column elementor-element elementor-element-bca237f\" data-id=\"bca237f\" data-element_type=\"column\" data-e-type=\"column\">\n\t\t\t<div class=\"elementor-widget-wrap elementor-element-populated\">\n\t\t\t\t\t\t<div class=\"elementor-element elementor-element-740c630 elementor-widget elementor-widget-heading\" data-id=\"740c630\" data-element_type=\"widget\" data-e-type=\"widget\" data-widget_type=\"heading.default\">\n\t\t\t\t<div class=\"elementor-widget-container\">\n\t\t\t\t\t<h2 class=\"elementor-heading-title elementor-size-xl\">Die Spezifizit\u00e4t von Gida :\nKundenspezifische Entwicklung<\/h2>\t\t\t\t<\/div>\n\t\t\t\t<\/div>\n\t\t\t\t\t<\/div>\n\t\t<\/div>\n\t\t\t\t\t<\/div>\n\t\t<\/section>\n\t\t\t\t<section class=\"elementor-section elementor-top-section elementor-element elementor-element-b78e7f7 elementor-section-boxed elementor-section-height-default elementor-section-height-default\" data-id=\"b78e7f7\" data-element_type=\"section\" data-e-type=\"section\" data-settings=\"{&quot;background_background&quot;:&quot;classic&quot;,&quot;jet_parallax_layout_list&quot;:[]}\">\n\t\t\t\t\t\t<div class=\"elementor-container elementor-column-gap-wider\">\n\t\t\t\t\t<div class=\"elementor-column elementor-col-50 elementor-top-column elementor-element elementor-element-e6ad67b\" data-id=\"e6ad67b\" data-element_type=\"column\" data-e-type=\"column\">\n\t\t\t<div class=\"elementor-widget-wrap elementor-element-populated\">\n\t\t\t\t\t\t<div class=\"elementor-element elementor-element-2188f68 elementor-widget elementor-widget-text-editor\" data-id=\"2188f68\" data-element_type=\"widget\" data-e-type=\"widget\" data-widget_type=\"text-editor.default\">\n\t\t\t\t<div class=\"elementor-widget-container\">\n\t\t\t\t\t\t\t\t\t<p>Mit seinem Forschung- und Entwicklungslabor, kann sich Gida an dem Vorgaben und W\u00fcnschen anpassen, besonders wenn es um <strong>\"Labels\"<\/strong> handelt  :\u00a0<\/p><ul><li>Bio-Bonbons<\/li><li>Zuckerfreie Bonbons<\/li><li>Bonbons mit weniger Kalorien<\/li><li>Fiberreiche Bonbons<\/li><li>Vegane S\u00fcsswaren, allergenfrei<\/li><li>Bonbons mit Kr\u00e4uter<\/li><\/ul>\t\t\t\t\t\t\t\t<\/div>\n\t\t\t\t<\/div>\n\t\t\t\t\t<\/div>\n\t\t<\/div>\n\t\t\t\t<div class=\"elementor-column elementor-col-50 elementor-top-column elementor-element elementor-element-e305ede\" data-id=\"e305ede\" data-element_type=\"column\" data-e-type=\"column\">\n\t\t\t<div class=\"elementor-widget-wrap elementor-element-populated\">\n\t\t\t\t\t\t<div class=\"elementor-element elementor-element-b2aebe6 elementor-widget elementor-widget-image\" data-id=\"b2aebe6\" data-element_type=\"widget\" data-e-type=\"widget\" data-widget_type=\"image.default\">\n\t\t\t\t<div class=\"elementor-widget-container\">\n\t\t\t\t\t\t\t\t\t\t\t\t\t\t\t<img decoding=\"async\" width=\"1920\" height=\"1920\" src=\"https:\/\/www.gida.fr\/wp-content\/uploads\/2023\/03\/ab_bio-min.jpg\" class=\"attachment-full size-full wp-image-11741\" alt=\"\" srcset=\"https:\/\/www.gida.fr\/wp-content\/uploads\/2023\/03\/ab_bio-min.jpg 1920w, https:\/\/www.gida.fr\/wp-content\/uploads\/2023\/03\/ab_bio-min-300x300.jpg 300w, https:\/\/www.gida.fr\/wp-content\/uploads\/2023\/03\/ab_bio-min-1024x1024.jpg 1024w, https:\/\/www.gida.fr\/wp-content\/uploads\/2023\/03\/ab_bio-min-150x150.jpg 150w, https:\/\/www.gida.fr\/wp-content\/uploads\/2023\/03\/ab_bio-min-768x768.jpg 768w, https:\/\/www.gida.fr\/wp-content\/uploads\/2023\/03\/ab_bio-min-1536x1536.jpg 1536w, https:\/\/www.gida.fr\/wp-content\/uploads\/2023\/03\/ab_bio-min-437x437.jpg 437w, https:\/\/www.gida.fr\/wp-content\/uploads\/2023\/03\/ab_bio-min-236x236.jpg 236w, https:\/\/www.gida.fr\/wp-content\/uploads\/2023\/03\/ab_bio-min-90x90.jpg 90w\" sizes=\"(max-width: 1920px) 100vw, 1920px\" \/>\t\t\t\t\t\t\t\t\t\t\t\t\t\t\t<\/div>\n\t\t\t\t<\/div>\n\t\t\t\t\t<\/div>\n\t\t<\/div>\n\t\t\t\t\t<\/div>\n\t\t<\/section>\n\t\t\t\t<\/div>","protected":false},"excerpt":{"rendered":"<div class=\"tmnf_excerpt\"><p>Notre savoir faire GIDA un savoir faire en confiserie private label La confiserie GIDA fabrique des produits coul\u00e9s dans l\u2019amidon: Meringues G\u00e9lifi\u00e9s Guimauves Pastilles de gomme arabique Les m\u00e9thodes de production permettent de pr\u00e9server le go\u00fbt et les qualit\u00e9s nutritionnelles des ingr\u00e9dients utilis\u00e9s. d\u00e9couvrir nos produits La sp\u00e9cificit\u00e9 de GIDA : le d\u00e9veloppement \u00e0 fa\u00e7on &hellip;<\/p>\n<\/div>","protected":false},"author":1,"featured_media":0,"parent":0,"menu_order":0,"comment_status":"closed","ping_status":"closed","template":"elementor_header_footer","meta":{"footnotes":""},"class_list":["post-9054","page","type-page","status-publish","hentry"],"yoast_head":"<!-- This site is optimized with the Yoast SEO plugin v27.3 - https:\/\/yoast.com\/product\/yoast-seo-wordpress\/ -->\n<title>Gida Confiserie - Confiserie sur mesure sans sucre, bio, halal, etc<\/title>\n<meta name=\"description\" content=\"Notre Fabrication de Bonbons sur Mesure en ligne s&#039;adapte \u00e0 vos besoins : bonbons bio, sans sucre, riche en fibre, au miel, v\u00e9g\u00e9tarien, halal,\" \/>\n<meta name=\"robots\" content=\"index, follow, max-snippet:-1, max-image-preview:large, max-video-preview:-1\" \/>\n<link rel=\"canonical\" href=\"https:\/\/www.gida.fr\/de\/unser-know-how\/\" \/>\n<meta property=\"og:locale\" content=\"de_DE\" \/>\n<meta property=\"og:type\" content=\"article\" \/>\n<meta property=\"og:title\" content=\"Gida Confiserie - Confiserie sur mesure sans sucre, bio, halal, etc\" \/>\n<meta property=\"og:description\" content=\"Notre Fabrication de Bonbons sur Mesure en ligne s&#039;adapte \u00e0 vos besoins : bonbons bio, sans sucre, riche en fibre, au miel, v\u00e9g\u00e9tarien, halal,\" \/>\n<meta property=\"og:url\" content=\"https:\/\/www.gida.fr\/de\/unser-know-how\/\" \/>\n<meta property=\"og:site_name\" content=\"Gida\" \/>\n<meta property=\"article:modified_time\" content=\"2023-04-14T11:50:26+00:00\" \/>\n<meta property=\"og:image\" content=\"https:\/\/gida.ukoo.hosting\/wp-content\/uploads\/2023\/03\/Gida-bandeaux4-min-1-1.jpg\" \/>\n<meta name=\"twitter:card\" content=\"summary_large_image\" \/>\n<meta name=\"twitter:label1\" content=\"Gesch\u00e4tzte Lesezeit\" \/>\n\t<meta name=\"twitter:data1\" content=\"1\u00a0Minute\" \/>\n<script type=\"application\/ld+json\" class=\"yoast-schema-graph\">{\"@context\":\"https:\\\/\\\/schema.org\",\"@graph\":[{\"@type\":\"WebPage\",\"@id\":\"https:\\\/\\\/www.gida.fr\\\/savoir-faire\\\/\",\"url\":\"https:\\\/\\\/www.gida.fr\\\/savoir-faire\\\/\",\"name\":\"Gida Confiserie - Confiserie sur mesure sans sucre, bio, halal, etc\",\"isPartOf\":{\"@id\":\"https:\\\/\\\/www.gida.fr\\\/#website\"},\"primaryImageOfPage\":{\"@id\":\"https:\\\/\\\/www.gida.fr\\\/savoir-faire\\\/#primaryimage\"},\"image\":{\"@id\":\"https:\\\/\\\/www.gida.fr\\\/savoir-faire\\\/#primaryimage\"},\"thumbnailUrl\":\"https:\\\/\\\/gida.ukoo.hosting\\\/wp-content\\\/uploads\\\/2023\\\/03\\\/Gida-bandeaux4-min-1-1.jpg\",\"datePublished\":\"2023-03-06T13:05:39+00:00\",\"dateModified\":\"2023-04-14T11:50:26+00:00\",\"description\":\"Notre Fabrication de Bonbons sur Mesure en ligne s'adapte \u00e0 vos besoins : bonbons bio, sans sucre, riche en fibre, au miel, v\u00e9g\u00e9tarien, halal,\",\"breadcrumb\":{\"@id\":\"https:\\\/\\\/www.gida.fr\\\/savoir-faire\\\/#breadcrumb\"},\"inLanguage\":\"de\",\"potentialAction\":[{\"@type\":\"ReadAction\",\"target\":[\"https:\\\/\\\/www.gida.fr\\\/savoir-faire\\\/\"]}]},{\"@type\":\"ImageObject\",\"inLanguage\":\"de\",\"@id\":\"https:\\\/\\\/www.gida.fr\\\/savoir-faire\\\/#primaryimage\",\"url\":\"https:\\\/\\\/gida.ukoo.hosting\\\/wp-content\\\/uploads\\\/2023\\\/03\\\/Gida-bandeaux4-min-1-1.jpg\",\"contentUrl\":\"https:\\\/\\\/gida.ukoo.hosting\\\/wp-content\\\/uploads\\\/2023\\\/03\\\/Gida-bandeaux4-min-1-1.jpg\"},{\"@type\":\"BreadcrumbList\",\"@id\":\"https:\\\/\\\/www.gida.fr\\\/savoir-faire\\\/#breadcrumb\",\"itemListElement\":[{\"@type\":\"ListItem\",\"position\":1,\"name\":\"Accueil\",\"item\":\"https:\\\/\\\/www.gida.fr\\\/\"},{\"@type\":\"ListItem\",\"position\":2,\"name\":\"Savoir-faire\"}]},{\"@type\":\"WebSite\",\"@id\":\"https:\\\/\\\/www.gida.fr\\\/#website\",\"url\":\"https:\\\/\\\/www.gida.fr\\\/\",\"name\":\"Gida\",\"description\":\"\",\"potentialAction\":[{\"@type\":\"SearchAction\",\"target\":{\"@type\":\"EntryPoint\",\"urlTemplate\":\"https:\\\/\\\/www.gida.fr\\\/?s={search_term_string}\"},\"query-input\":{\"@type\":\"PropertyValueSpecification\",\"valueRequired\":true,\"valueName\":\"search_term_string\"}}],\"inLanguage\":\"de\"}]}<\/script>\n<!-- \/ Yoast SEO plugin. -->","yoast_head_json":{"title":"Gida Confiserie - Confiserie sur mesure sans sucre, bio, halal, etc","description":"Notre Fabrication de Bonbons sur Mesure en ligne s'adapte \u00e0 vos besoins : bonbons bio, sans sucre, riche en fibre, au miel, v\u00e9g\u00e9tarien, halal,","robots":{"index":"index","follow":"follow","max-snippet":"max-snippet:-1","max-image-preview":"max-image-preview:large","max-video-preview":"max-video-preview:-1"},"canonical":"https:\/\/www.gida.fr\/de\/unser-know-how\/","og_locale":"de_DE","og_type":"article","og_title":"Gida Confiserie - Confiserie sur mesure sans sucre, bio, halal, etc","og_description":"Notre Fabrication de Bonbons sur Mesure en ligne s'adapte \u00e0 vos besoins : bonbons bio, sans sucre, riche en fibre, au miel, v\u00e9g\u00e9tarien, halal,","og_url":"https:\/\/www.gida.fr\/de\/unser-know-how\/","og_site_name":"Gida","article_modified_time":"2023-04-14T11:50:26+00:00","og_image":[{"url":"https:\/\/gida.ukoo.hosting\/wp-content\/uploads\/2023\/03\/Gida-bandeaux4-min-1-1.jpg","type":"","width":"","height":""}],"twitter_card":"summary_large_image","twitter_misc":{"Gesch\u00e4tzte Lesezeit":"1\u00a0Minute"},"schema":{"@context":"https:\/\/schema.org","@graph":[{"@type":"WebPage","@id":"https:\/\/www.gida.fr\/savoir-faire\/","url":"https:\/\/www.gida.fr\/savoir-faire\/","name":"Gida Confiserie - Confiserie sur mesure sans sucre, bio, halal, etc","isPartOf":{"@id":"https:\/\/www.gida.fr\/#website"},"primaryImageOfPage":{"@id":"https:\/\/www.gida.fr\/savoir-faire\/#primaryimage"},"image":{"@id":"https:\/\/www.gida.fr\/savoir-faire\/#primaryimage"},"thumbnailUrl":"https:\/\/gida.ukoo.hosting\/wp-content\/uploads\/2023\/03\/Gida-bandeaux4-min-1-1.jpg","datePublished":"2023-03-06T13:05:39+00:00","dateModified":"2023-04-14T11:50:26+00:00","description":"Notre Fabrication de Bonbons sur Mesure en ligne s'adapte \u00e0 vos besoins : bonbons bio, sans sucre, riche en fibre, au miel, v\u00e9g\u00e9tarien, halal,","breadcrumb":{"@id":"https:\/\/www.gida.fr\/savoir-faire\/#breadcrumb"},"inLanguage":"de","potentialAction":[{"@type":"ReadAction","target":["https:\/\/www.gida.fr\/savoir-faire\/"]}]},{"@type":"ImageObject","inLanguage":"de","@id":"https:\/\/www.gida.fr\/savoir-faire\/#primaryimage","url":"https:\/\/gida.ukoo.hosting\/wp-content\/uploads\/2023\/03\/Gida-bandeaux4-min-1-1.jpg","contentUrl":"https:\/\/gida.ukoo.hosting\/wp-content\/uploads\/2023\/03\/Gida-bandeaux4-min-1-1.jpg"},{"@type":"BreadcrumbList","@id":"https:\/\/www.gida.fr\/savoir-faire\/#breadcrumb","itemListElement":[{"@type":"ListItem","position":1,"name":"Accueil","item":"https:\/\/www.gida.fr\/"},{"@type":"ListItem","position":2,"name":"Savoir-faire"}]},{"@type":"WebSite","@id":"https:\/\/www.gida.fr\/#website","url":"https:\/\/www.gida.fr\/","name":"Gida","description":"","potentialAction":[{"@type":"SearchAction","target":{"@type":"EntryPoint","urlTemplate":"https:\/\/www.gida.fr\/?s={search_term_string}"},"query-input":{"@type":"PropertyValueSpecification","valueRequired":true,"valueName":"search_term_string"}}],"inLanguage":"de"}]}},"_links":{"self":[{"href":"https:\/\/www.gida.fr\/de\/wp-json\/wp\/v2\/pages\/9054","targetHints":{"allow":["GET"]}}],"collection":[{"href":"https:\/\/www.gida.fr\/de\/wp-json\/wp\/v2\/pages"}],"about":[{"href":"https:\/\/www.gida.fr\/de\/wp-json\/wp\/v2\/types\/page"}],"author":[{"embeddable":true,"href":"https:\/\/www.gida.fr\/de\/wp-json\/wp\/v2\/users\/1"}],"replies":[{"embeddable":true,"href":"https:\/\/www.gida.fr\/de\/wp-json\/wp\/v2\/comments?post=9054"}],"version-history":[{"count":512,"href":"https:\/\/www.gida.fr\/de\/wp-json\/wp\/v2\/pages\/9054\/revisions"}],"predecessor-version":[{"id":13345,"href":"https:\/\/www.gida.fr\/de\/wp-json\/wp\/v2\/pages\/9054\/revisions\/13345"}],"wp:attachment":[{"href":"https:\/\/www.gida.fr\/de\/wp-json\/wp\/v2\/media?parent=9054"}],"curies":[{"name":"wp","href":"https:\/\/api.w.org\/{rel}","templated":true}]}}