{"id":9077,"date":"2023-03-06T16:10:11","date_gmt":"2023-03-06T15:10:11","guid":{"rendered":"https:\/\/gida.ukoo.hosting\/?page_id=9077"},"modified":"2023-04-06T16:00:30","modified_gmt":"2023-04-06T14:00:30","slug":"mentions-legales","status":"publish","type":"page","link":"https:\/\/www.gida.fr\/de\/mentions-legales\/","title":{"rendered":"Impressum"},"content":{"rendered":"<div data-elementor-type=\"wp-page\" data-elementor-id=\"9077\" class=\"elementor elementor-9077\" data-elementor-post-type=\"page\">\n\t\t\t\t\t\t<section class=\"elementor-section elementor-top-section elementor-element elementor-element-16e8dc3 elementor-section-height-min-height elementor-section-boxed elementor-section-height-default elementor-section-items-middle\" data-id=\"16e8dc3\" data-element_type=\"section\" data-e-type=\"section\" data-settings=\"{&quot;background_background&quot;:&quot;classic&quot;,&quot;jet_parallax_layout_list&quot;:[]}\">\n\t\t\t\t\t\t\t<div class=\"elementor-background-overlay\"><\/div>\n\t\t\t\t\t\t\t<div class=\"elementor-container elementor-column-gap-wider\">\n\t\t\t\t\t<div class=\"elementor-column elementor-col-100 elementor-top-column elementor-element elementor-element-5c8f287\" data-id=\"5c8f287\" data-element_type=\"column\" data-e-type=\"column\">\n\t\t\t<div class=\"elementor-widget-wrap elementor-element-populated\">\n\t\t\t\t\t\t<div class=\"elementor-element elementor-element-ca0faae elementor-widget elementor-widget-heading\" data-id=\"ca0faae\" data-element_type=\"widget\" data-e-type=\"widget\" data-widget_type=\"heading.default\">\n\t\t\t\t<div class=\"elementor-widget-container\">\n\t\t\t\t\t<h1 class=\"elementor-heading-title elementor-size-default\">\n\n\nImpressum<\/h1>\t\t\t\t<\/div>\n\t\t\t\t<\/div>\n\t\t\t\t\t<\/div>\n\t\t<\/div>\n\t\t\t\t\t<\/div>\n\t\t<\/section>\n\t\t\t\t<section class=\"elementor-section elementor-top-section elementor-element elementor-element-19de160 elementor-section-boxed elementor-section-height-default elementor-section-height-default\" data-id=\"19de160\" data-element_type=\"section\" data-e-type=\"section\" data-settings=\"{&quot;jet_parallax_layout_list&quot;:[]}\">\n\t\t\t\t\t\t<div class=\"elementor-container elementor-column-gap-default\">\n\t\t\t\t\t<div class=\"elementor-column elementor-col-100 elementor-top-column elementor-element elementor-element-f5d60fd\" data-id=\"f5d60fd\" data-element_type=\"column\" data-e-type=\"column\">\n\t\t\t<div class=\"elementor-widget-wrap elementor-element-populated\">\n\t\t\t\t\t\t<div class=\"elementor-element elementor-element-b4eb391 elementor-widget elementor-widget-text-editor\" data-id=\"b4eb391\" data-element_type=\"widget\" data-e-type=\"widget\" data-widget_type=\"text-editor.default\">\n\t\t\t\t<div class=\"elementor-widget-container\">\n\t\t\t\t\t\t\t\t\t<p><b style=\"color: #bf1c3f; font-family: Courgette, cursive; font-size: 30px; letter-spacing: -0.03em;\">\u00c9dition<\/b><\/p>\n<ul>\n<li><span style=\"font-weight: 400;\">Soci\u00e9t\u00e9 : GIDA S.A.<\/span><\/li>\n<li><span style=\"font-weight: 400;\">22 rue de la Charente<\/span><\/li>\n<li><span style=\"font-weight: 400;\">68270 WITTENHEIM<\/span><\/li>\n<li><span style=\"font-weight: 400;\">Siret : 42387277900024<\/span><\/li>\n<li><span style=\"font-weight: 400;\">T\u00e9l\u00e9phone : 03 89 51 38 38<\/span><\/li>\n<li><span style=\"font-weight: 400;\">Fax : 03 89 50 00 45<\/span><\/li>\n<li><span style=\"font-weight: 400;\">Email : contact@gida.fr<\/span><\/li>\n<\/ul><div><br><\/div>\n<h2 style=\"color: #bf1c3f; font-family: 'Courgette', cursive;\"><b>Marques &#8211; Propri\u00e9t\u00e9 intellectuelle<\/b><\/h2>\n<p><span style=\"font-weight: 400;\">Tous les noms et marques de produits ou autres marques cit\u00e9s dans ce site sont d\u00e9pos\u00e9es par leurs propri\u00e9taire respectifs. Les sources mentionn\u00e9es conservent leurs droits. Tous les textes, photos, vid\u00e9os, images, dessins, s\u00e9quences anim\u00e9es et toutes \u0153uvres consultables sur ce site sont prot\u00e9g\u00e9s par des droits d&#8217;auteur. Toute reproduction, m\u00eame partielle doit faire l&#8217;oeuvre d&#8217;une demande au reponsable de la publication ou au webmaster.<\/span><\/p><p><span style=\"font-weight: 400;\"><br><\/span><\/p>\n<p><\/p>\n<h2 style=\"color: #bf1c3f; font-family: 'Courgette', cursive;\"><b>Dysfonctionnement &#8211; Virus<\/b><\/h2>\n<p><span style=\"font-weight: 400;\">Le propri\u00e9taire du site ne pourra \u00eatre tenu responsable des dommages directs ou indirects, r\u00e9sultant de l&#8217;utilisation de ce site Web, ou de l&#8217;impossibilit\u00e9 pour un tiers de l&#8217;utiliser, ou d&#8217;un mauvais fonctionnement, d&#8217;une interruption, d&#8217;un virus ou encore d&#8217;un probl\u00e8me de ligne ou de syst\u00e8me.<\/span><\/p><p><span style=\"font-weight: 400;\"><br><\/span><\/p>\n<p><\/p>\n<h2 style=\"color: #bf1c3f; font-family: 'Courgette', cursive;\"><b>Vie Priv\u00e9e &#8211; Informatique et Libert\u00e9<\/b><\/h2>\n<p><span style=\"font-weight: 400;\">Aucune information personnelle n&#8217;est collect\u00e9e sur ce site \u00e0 votre insu. Conform\u00e9ment \u00e0 la loi n\u00b0 2004-801 du 6 ao\u00fbt 2004 relative \u00e0 l&#8217;informatique, aux fichiers et aux libert\u00e9s, Le propri\u00e9taire du site garantit un droit d&#8217;acc\u00e8s, de modification, de rectification et de suppression pour toutes informations personnelles qui nous seraient transmises. Ce droit peut \u00eatre exerc\u00e9 en envoyant un courrier \u00e9lectronique \u00e0 l&#8217;adresse contact@gida.fr<\/span><\/p><p><span style=\"font-weight: 400;\"><br><\/span><\/p>\n<p><\/p>\n<h2 style=\"color: #bf1c3f; font-family: 'Courgette', cursive;\"><strong>Cr\u00e9ation Web &#8211; R\u00e9f\u00e9rencement<\/strong><\/h2>\t\t\t\t\t\t\t\t<\/div>\n\t\t\t\t<\/div>\n\t\t\t\t\t<\/div>\n\t\t<\/div>\n\t\t\t\t\t<\/div>\n\t\t<\/section>\n\t\t\t\t<section class=\"elementor-section elementor-top-section elementor-element elementor-element-e61a150 elementor-section-boxed elementor-section-height-default elementor-section-height-default\" data-id=\"e61a150\" data-element_type=\"section\" data-e-type=\"section\" data-settings=\"{&quot;jet_parallax_layout_list&quot;:[]}\">\n\t\t\t\t\t\t<div class=\"elementor-container elementor-column-gap-default\">\n\t\t\t\t\t<div class=\"elementor-column elementor-col-50 elementor-top-column elementor-element elementor-element-4ed8e3f\" data-id=\"4ed8e3f\" data-element_type=\"column\" data-e-type=\"column\">\n\t\t\t<div class=\"elementor-widget-wrap elementor-element-populated\">\n\t\t\t\t\t\t<div class=\"elementor-element elementor-element-e6ad845 elementor-widget elementor-widget-image\" data-id=\"e6ad845\" data-element_type=\"widget\" data-e-type=\"widget\" data-widget_type=\"image.default\">\n\t\t\t\t<div class=\"elementor-widget-container\">\n\t\t\t\t\t\t\t\t\t\t\t\t\t\t\t<img fetchpriority=\"high\" decoding=\"async\" width=\"1080\" height=\"308\" src=\"https:\/\/www.gida.fr\/wp-content\/uploads\/2023\/03\/logo_UKOO-RVB-1080px.png\" class=\"attachment-full size-full wp-image-10632\" alt=\"\" srcset=\"https:\/\/www.gida.fr\/wp-content\/uploads\/2023\/03\/logo_UKOO-RVB-1080px.png 1080w, https:\/\/www.gida.fr\/wp-content\/uploads\/2023\/03\/logo_UKOO-RVB-1080px-300x86.png 300w, https:\/\/www.gida.fr\/wp-content\/uploads\/2023\/03\/logo_UKOO-RVB-1080px-1024x292.png 1024w, https:\/\/www.gida.fr\/wp-content\/uploads\/2023\/03\/logo_UKOO-RVB-1080px-768x219.png 768w, https:\/\/www.gida.fr\/wp-content\/uploads\/2023\/03\/logo_UKOO-RVB-1080px-437x125.png 437w\" sizes=\"(max-width: 1080px) 100vw, 1080px\" \/>\t\t\t\t\t\t\t\t\t\t\t\t\t\t\t<\/div>\n\t\t\t\t<\/div>\n\t\t\t\t\t<\/div>\n\t\t<\/div>\n\t\t\t\t<div class=\"elementor-column elementor-col-50 elementor-top-column elementor-element elementor-element-477ec6f\" data-id=\"477ec6f\" data-element_type=\"column\" data-e-type=\"column\">\n\t\t\t<div class=\"elementor-widget-wrap elementor-element-populated\">\n\t\t\t\t\t\t<div class=\"elementor-element elementor-element-4bedc53 elementor-widget elementor-widget-text-editor\" data-id=\"4bedc53\" data-element_type=\"widget\" data-e-type=\"widget\" data-widget_type=\"text-editor.default\">\n\t\t\t\t<div class=\"elementor-widget-container\">\n\t\t\t\t\t\t\t\t\t<ul class=\"nopuce\"><li>T\u00e9l\u00e9phone : 03 89 64 05 12<\/li><li>Site web :\u00a0<a href=\"http:\/\/www.ukoo.fr\/\">www.ukoo.fr<\/a><\/li><\/ul>\t\t\t\t\t\t\t\t<\/div>\n\t\t\t\t<\/div>\n\t\t\t\t\t<\/div>\n\t\t<\/div>\n\t\t\t\t\t<\/div>\n\t\t<\/section>\n\t\t\t\t<\/div>","protected":false},"excerpt":{"rendered":"<div class=\"tmnf_excerpt\"><p>Mentions l\u00e9gales \u00c9dition Soci\u00e9t\u00e9 : GIDA S.A. 22 rue de la Charente 68270 WITTENHEIM Siret : 42387277900024 T\u00e9l\u00e9phone : 03 89 51 38 38 Fax : 03 89 50 00 45 Email : contact@gida.fr Marques &#8211; Propri\u00e9t\u00e9 intellectuelle Tous les noms et marques de produits ou autres marques cit\u00e9s dans ce site sont d\u00e9pos\u00e9es par &hellip;<\/p>\n<\/div>","protected":false},"author":1,"featured_media":0,"parent":0,"menu_order":0,"comment_status":"closed","ping_status":"closed","template":"elementor_header_footer","meta":{"footnotes":""},"class_list":["post-9077","page","type-page","status-publish","hentry"],"yoast_head":"<!-- This site is optimized with the Yoast SEO plugin v27.3 - https:\/\/yoast.com\/product\/yoast-seo-wordpress\/ -->\n<title>Mentions l\u00e9gales<\/title>\n<meta name=\"robots\" content=\"index, follow, max-snippet:-1, max-image-preview:large, max-video-preview:-1\" \/>\n<link rel=\"canonical\" href=\"https:\/\/www.gida.fr\/de\/mentions-legales\/\" \/>\n<meta property=\"og:locale\" content=\"de_DE\" \/>\n<meta property=\"og:type\" content=\"article\" \/>\n<meta property=\"og:title\" content=\"Mentions l\u00e9gales\" \/>\n<meta property=\"og:description\" content=\"Mentions l\u00e9gales \u00c9dition Soci\u00e9t\u00e9 : GIDA S.A. 22 rue de la Charente 68270 WITTENHEIM Siret : 42387277900024 T\u00e9l\u00e9phone : 03 89 51 38 38 Fax : 03 89 50 00 45 Email : contact@gida.fr Marques &#8211; Propri\u00e9t\u00e9 intellectuelle Tous les noms et marques de produits ou autres marques cit\u00e9s dans ce site sont d\u00e9pos\u00e9es par &hellip;\" \/>\n<meta property=\"og:url\" content=\"https:\/\/www.gida.fr\/de\/mentions-legales\/\" \/>\n<meta property=\"og:site_name\" content=\"Gida\" \/>\n<meta property=\"article:modified_time\" content=\"2023-04-06T14:00:30+00:00\" \/>\n<meta property=\"og:image\" content=\"https:\/\/gida.ukoo.hosting\/wp-content\/uploads\/2023\/03\/logo_UKOO-RVB-1080px.png\" \/>\n<meta name=\"twitter:card\" content=\"summary_large_image\" \/>\n<meta name=\"twitter:label1\" content=\"Gesch\u00e4tzte Lesezeit\" \/>\n\t<meta name=\"twitter:data1\" content=\"2\u00a0Minuten\" \/>\n<script type=\"application\/ld+json\" class=\"yoast-schema-graph\">{\"@context\":\"https:\\\/\\\/schema.org\",\"@graph\":[{\"@type\":\"WebPage\",\"@id\":\"https:\\\/\\\/www.gida.fr\\\/mentions-legales\\\/\",\"url\":\"https:\\\/\\\/www.gida.fr\\\/mentions-legales\\\/\",\"name\":\"Mentions l\u00e9gales\",\"isPartOf\":{\"@id\":\"https:\\\/\\\/www.gida.fr\\\/#website\"},\"primaryImageOfPage\":{\"@id\":\"https:\\\/\\\/www.gida.fr\\\/mentions-legales\\\/#primaryimage\"},\"image\":{\"@id\":\"https:\\\/\\\/www.gida.fr\\\/mentions-legales\\\/#primaryimage\"},\"thumbnailUrl\":\"https:\\\/\\\/gida.ukoo.hosting\\\/wp-content\\\/uploads\\\/2023\\\/03\\\/logo_UKOO-RVB-1080px.png\",\"datePublished\":\"2023-03-06T15:10:11+00:00\",\"dateModified\":\"2023-04-06T14:00:30+00:00\",\"breadcrumb\":{\"@id\":\"https:\\\/\\\/www.gida.fr\\\/mentions-legales\\\/#breadcrumb\"},\"inLanguage\":\"de\",\"potentialAction\":[{\"@type\":\"ReadAction\",\"target\":[\"https:\\\/\\\/www.gida.fr\\\/mentions-legales\\\/\"]}]},{\"@type\":\"ImageObject\",\"inLanguage\":\"de\",\"@id\":\"https:\\\/\\\/www.gida.fr\\\/mentions-legales\\\/#primaryimage\",\"url\":\"https:\\\/\\\/gida.ukoo.hosting\\\/wp-content\\\/uploads\\\/2023\\\/03\\\/logo_UKOO-RVB-1080px.png\",\"contentUrl\":\"https:\\\/\\\/gida.ukoo.hosting\\\/wp-content\\\/uploads\\\/2023\\\/03\\\/logo_UKOO-RVB-1080px.png\"},{\"@type\":\"BreadcrumbList\",\"@id\":\"https:\\\/\\\/www.gida.fr\\\/mentions-legales\\\/#breadcrumb\",\"itemListElement\":[{\"@type\":\"ListItem\",\"position\":1,\"name\":\"Accueil\",\"item\":\"https:\\\/\\\/www.gida.fr\\\/\"},{\"@type\":\"ListItem\",\"position\":2,\"name\":\"Mentions l\u00e9gales\"}]},{\"@type\":\"WebSite\",\"@id\":\"https:\\\/\\\/www.gida.fr\\\/#website\",\"url\":\"https:\\\/\\\/www.gida.fr\\\/\",\"name\":\"Gida\",\"description\":\"\",\"potentialAction\":[{\"@type\":\"SearchAction\",\"target\":{\"@type\":\"EntryPoint\",\"urlTemplate\":\"https:\\\/\\\/www.gida.fr\\\/?s={search_term_string}\"},\"query-input\":{\"@type\":\"PropertyValueSpecification\",\"valueRequired\":true,\"valueName\":\"search_term_string\"}}],\"inLanguage\":\"de\"}]}<\/script>\n<!-- \/ Yoast SEO plugin. -->","yoast_head_json":{"title":"Impressum","robots":{"index":"index","follow":"follow","max-snippet":"max-snippet:-1","max-image-preview":"max-image-preview:large","max-video-preview":"max-video-preview:-1"},"canonical":"https:\/\/www.gida.fr\/de\/mentions-legales\/","og_locale":"de_DE","og_type":"article","og_title":"Mentions l\u00e9gales","og_description":"Mentions l\u00e9gales \u00c9dition Soci\u00e9t\u00e9 : GIDA S.A. 22 rue de la Charente 68270 WITTENHEIM Siret : 42387277900024 T\u00e9l\u00e9phone : 03 89 51 38 38 Fax : 03 89 50 00 45 Email : contact@gida.fr Marques &#8211; Propri\u00e9t\u00e9 intellectuelle Tous les noms et marques de produits ou autres marques cit\u00e9s dans ce site sont d\u00e9pos\u00e9es par &hellip;","og_url":"https:\/\/www.gida.fr\/de\/mentions-legales\/","og_site_name":"Gida","article_modified_time":"2023-04-06T14:00:30+00:00","og_image":[{"url":"https:\/\/gida.ukoo.hosting\/wp-content\/uploads\/2023\/03\/logo_UKOO-RVB-1080px.png","type":"","width":"","height":""}],"twitter_card":"summary_large_image","twitter_misc":{"Gesch\u00e4tzte Lesezeit":"2\u00a0Minuten"},"schema":{"@context":"https:\/\/schema.org","@graph":[{"@type":"WebPage","@id":"https:\/\/www.gida.fr\/mentions-legales\/","url":"https:\/\/www.gida.fr\/mentions-legales\/","name":"Impressum","isPartOf":{"@id":"https:\/\/www.gida.fr\/#website"},"primaryImageOfPage":{"@id":"https:\/\/www.gida.fr\/mentions-legales\/#primaryimage"},"image":{"@id":"https:\/\/www.gida.fr\/mentions-legales\/#primaryimage"},"thumbnailUrl":"https:\/\/gida.ukoo.hosting\/wp-content\/uploads\/2023\/03\/logo_UKOO-RVB-1080px.png","datePublished":"2023-03-06T15:10:11+00:00","dateModified":"2023-04-06T14:00:30+00:00","breadcrumb":{"@id":"https:\/\/www.gida.fr\/mentions-legales\/#breadcrumb"},"inLanguage":"de","potentialAction":[{"@type":"ReadAction","target":["https:\/\/www.gida.fr\/mentions-legales\/"]}]},{"@type":"ImageObject","inLanguage":"de","@id":"https:\/\/www.gida.fr\/mentions-legales\/#primaryimage","url":"https:\/\/gida.ukoo.hosting\/wp-content\/uploads\/2023\/03\/logo_UKOO-RVB-1080px.png","contentUrl":"https:\/\/gida.ukoo.hosting\/wp-content\/uploads\/2023\/03\/logo_UKOO-RVB-1080px.png"},{"@type":"BreadcrumbList","@id":"https:\/\/www.gida.fr\/mentions-legales\/#breadcrumb","itemListElement":[{"@type":"ListItem","position":1,"name":"Accueil","item":"https:\/\/www.gida.fr\/"},{"@type":"ListItem","position":2,"name":"Mentions l\u00e9gales"}]},{"@type":"WebSite","@id":"https:\/\/www.gida.fr\/#website","url":"https:\/\/www.gida.fr\/","name":"Gida","description":"","potentialAction":[{"@type":"SearchAction","target":{"@type":"EntryPoint","urlTemplate":"https:\/\/www.gida.fr\/?s={search_term_string}"},"query-input":{"@type":"PropertyValueSpecification","valueRequired":true,"valueName":"search_term_string"}}],"inLanguage":"de"}]}},"_links":{"self":[{"href":"https:\/\/www.gida.fr\/de\/wp-json\/wp\/v2\/pages\/9077","targetHints":{"allow":["GET"]}}],"collection":[{"href":"https:\/\/www.gida.fr\/de\/wp-json\/wp\/v2\/pages"}],"about":[{"href":"https:\/\/www.gida.fr\/de\/wp-json\/wp\/v2\/types\/page"}],"author":[{"embeddable":true,"href":"https:\/\/www.gida.fr\/de\/wp-json\/wp\/v2\/users\/1"}],"replies":[{"embeddable":true,"href":"https:\/\/www.gida.fr\/de\/wp-json\/wp\/v2\/comments?post=9077"}],"version-history":[{"count":71,"href":"https:\/\/www.gida.fr\/de\/wp-json\/wp\/v2\/pages\/9077\/revisions"}],"predecessor-version":[{"id":12615,"href":"https:\/\/www.gida.fr\/de\/wp-json\/wp\/v2\/pages\/9077\/revisions\/12615"}],"wp:attachment":[{"href":"https:\/\/www.gida.fr\/de\/wp-json\/wp\/v2\/media?parent=9077"}],"curies":[{"name":"wp","href":"https:\/\/api.w.org\/{rel}","templated":true}]}}