{"id":13338,"date":"2023-04-14T13:50:16","date_gmt":"2023-04-14T11:50:16","guid":{"rendered":"https:\/\/gida.ukoo.hosting\/?page_id=13338"},"modified":"2023-04-14T14:02:53","modified_gmt":"2023-04-14T12:02:53","slug":"contact-us-2","status":"publish","type":"page","link":"https:\/\/www.gida.fr\/en\/contact-confirmation\/","title":{"rendered":"Contact : Confirmation"},"content":{"rendered":"<div data-elementor-type=\"wp-page\" data-elementor-id=\"13338\" class=\"elementor elementor-13338\" data-elementor-post-type=\"page\">\n\t\t\t\t\t\t<section class=\"elementor-section elementor-top-section elementor-element elementor-element-6f441c5 elementor-section-height-min-height elementor-section-boxed elementor-section-height-default elementor-section-items-middle\" data-id=\"6f441c5\" data-element_type=\"section\" data-e-type=\"section\" data-settings=\"{&quot;background_background&quot;:&quot;classic&quot;,&quot;jet_parallax_layout_list&quot;:[]}\">\n\t\t\t\t\t\t\t<div class=\"elementor-background-overlay\"><\/div>\n\t\t\t\t\t\t\t<div class=\"elementor-container elementor-column-gap-wider\">\n\t\t\t\t\t<div class=\"elementor-column elementor-col-100 elementor-top-column elementor-element elementor-element-a4a805c\" data-id=\"a4a805c\" data-element_type=\"column\" data-e-type=\"column\">\n\t\t\t<div class=\"elementor-widget-wrap elementor-element-populated\">\n\t\t\t\t\t\t<div class=\"elementor-element elementor-element-3beaede elementor-widget elementor-widget-heading\" data-id=\"3beaede\" data-element_type=\"widget\" data-e-type=\"widget\" data-widget_type=\"heading.default\">\n\t\t\t\t<div class=\"elementor-widget-container\">\n\t\t\t\t\t<h1 class=\"elementor-heading-title elementor-size-default\">Contact us<\/h1>\t\t\t\t<\/div>\n\t\t\t\t<\/div>\n\t\t\t\t\t<\/div>\n\t\t<\/div>\n\t\t\t\t\t<\/div>\n\t\t<\/section>\n\t\t\t\t<section class=\"elementor-section elementor-top-section elementor-element elementor-element-13d21b49 elementor-reverse-tablet elementor-reverse-mobile elementor-section-boxed elementor-section-height-default elementor-section-height-default\" data-id=\"13d21b49\" data-element_type=\"section\" data-e-type=\"section\" data-settings=\"{&quot;background_background&quot;:&quot;gradient&quot;,&quot;jet_parallax_layout_list&quot;:[]}\">\n\t\t\t\t\t\t<div class=\"elementor-container elementor-column-gap-wider\">\n\t\t\t\t\t<div class=\"elementor-column elementor-col-50 elementor-top-column elementor-element elementor-element-27bc2cd\" data-id=\"27bc2cd\" data-element_type=\"column\" data-e-type=\"column\" data-settings=\"{&quot;background_background&quot;:&quot;classic&quot;}\">\n\t\t\t<div class=\"elementor-widget-wrap elementor-element-populated\">\n\t\t\t\t\t\t<section class=\"elementor-section elementor-inner-section elementor-element elementor-element-8c697e8 elementor-hidden-desktop elementor-section-boxed elementor-section-height-default elementor-section-height-default\" data-id=\"8c697e8\" data-element_type=\"section\" data-e-type=\"section\" data-settings=\"{&quot;jet_parallax_layout_list&quot;:[]}\">\n\t\t\t\t\t\t<div class=\"elementor-container elementor-column-gap-default\">\n\t\t\t\t\t<div class=\"elementor-column elementor-col-100 elementor-inner-column elementor-element elementor-element-5b1b231\" data-id=\"5b1b231\" data-element_type=\"column\" data-e-type=\"column\">\n\t\t\t<div class=\"elementor-widget-wrap elementor-element-populated\">\n\t\t\t\t\t\t<div class=\"elementor-element elementor-element-e536272 elementor-widget elementor-widget-text-editor\" data-id=\"e536272\" data-element_type=\"widget\" data-e-type=\"widget\" data-widget_type=\"text-editor.default\">\n\t\t\t\t<div class=\"elementor-widget-container\">\n\t\t\t\t\t\t\t\t\t<p style=\"text-align: center;\"><span style=\"color: #8b3b62;\"><strong>GIDA S.A.<\/strong><\/span><\/p><p style=\"text-align: center;\">P\u00f4le 430 &#8211; 22 rue de la Charente<\/p><p style=\"text-align: center;\">68270 WITTENHEIM<\/p><p style=\"text-align: center;\">Alsace &#8211; France<\/p><p style=\"text-align: center;\"><span style=\"color: #000000;\"><a style=\"color: #000000;\" href=\"tel:03 89 51 38 38\"><strong>03 89 51 38 38\u00a0<\/strong><\/a><\/span><\/p>\t\t\t\t\t\t\t\t<\/div>\n\t\t\t\t<\/div>\n\t\t\t\t\t<\/div>\n\t\t<\/div>\n\t\t\t\t\t<\/div>\n\t\t<\/section>\n\t\t\t\t<div class=\"elementor-element elementor-element-bf0b36f elementor-widget elementor-widget-google_maps\" data-id=\"bf0b36f\" data-element_type=\"widget\" data-e-type=\"widget\" data-widget_type=\"google_maps.default\">\n\t\t\t\t<div class=\"elementor-widget-container\">\n\t\t\t\t\t\t\t<div class=\"elementor-custom-embed\">\n\t\t\t<iframe loading=\"lazy\"\n\t\t\t\t\tsrc=\"https:\/\/maps.google.com\/maps?q=gida&#038;t=m&#038;z=17&#038;output=embed&#038;iwloc=near\"\n\t\t\t\t\ttitle=\"gida\"\n\t\t\t\t\taria-label=\"gida\"\n\t\t\t><\/iframe>\n\t\t<\/div>\n\t\t\t\t\t\t<\/div>\n\t\t\t\t<\/div>\n\t\t\t\t<section class=\"elementor-section elementor-inner-section elementor-element elementor-element-9c3e23b elementor-hidden-tablet elementor-hidden-mobile elementor-section-boxed elementor-section-height-default elementor-section-height-default\" data-id=\"9c3e23b\" data-element_type=\"section\" data-e-type=\"section\" data-settings=\"{&quot;jet_parallax_layout_list&quot;:[]}\">\n\t\t\t\t\t\t<div class=\"elementor-container elementor-column-gap-default\">\n\t\t\t\t\t<div class=\"elementor-column elementor-col-100 elementor-inner-column elementor-element elementor-element-51cff2f\" data-id=\"51cff2f\" data-element_type=\"column\" data-e-type=\"column\">\n\t\t\t<div class=\"elementor-widget-wrap elementor-element-populated\">\n\t\t\t\t\t\t<div class=\"elementor-element elementor-element-c8940e0 elementor-widget elementor-widget-text-editor\" data-id=\"c8940e0\" data-element_type=\"widget\" data-e-type=\"widget\" data-widget_type=\"text-editor.default\">\n\t\t\t\t<div class=\"elementor-widget-container\">\n\t\t\t\t\t\t\t\t\t<p><span style=\"color: #8b3b62;\"><strong>GIDA S.A.<\/strong><\/span><\/p><p>P\u00f4le 430 &#8211; 22 rue de la Charente<\/p><p>68270 WITTENHEIM<\/p><p>Alsace &#8211; France<\/p><p><span style=\"color: #000000;\"><a style=\"color: #000000;\" href=\"tel:03 89 51 38 38\"><strong>03 89 51 38 38\u00a0<\/strong><\/a><\/span><\/p>\t\t\t\t\t\t\t\t<\/div>\n\t\t\t\t<\/div>\n\t\t\t\t\t<\/div>\n\t\t<\/div>\n\t\t\t\t\t<\/div>\n\t\t<\/section>\n\t\t\t\t\t<\/div>\n\t\t<\/div>\n\t\t\t\t<div class=\"elementor-column elementor-col-50 elementor-top-column elementor-element elementor-element-1ece4ef9\" data-id=\"1ece4ef9\" data-element_type=\"column\" data-e-type=\"column\" data-settings=\"{&quot;background_background&quot;:&quot;classic&quot;}\">\n\t\t\t<div class=\"elementor-widget-wrap elementor-element-populated\">\n\t\t\t\t\t\t<div class=\"elementor-element elementor-element-3b5994b elementor-widget elementor-widget-html\" data-id=\"3b5994b\" data-element_type=\"widget\" data-e-type=\"widget\" data-widget_type=\"html.default\">\n\t\t\t\t<div class=\"elementor-widget-container\">\n\t\t\t\t\t<p>Votre message a \u00e9t\u00e9 envoy\u00e9 avec succ\u00e8s. Notre \u00e9quipe se chargera de revenir vers vous dans les plus brefs d\u00e9lais.<\/p>\r\n <script type=\"text\/javascript\">\r\n               dataLayer.push({\r\n                    'event': 'confirmation-contact',\r\n                    'virtualDocumentPath': '\/confirmation-contact',\r\n                     'virtualDocumentTitle': 'Page de confirmation contact'\r\n                });\r\n        <\/script>\r\n\t\t\t\t<\/div>\n\t\t\t\t<\/div>\n\t\t\t\t\t<\/div>\n\t\t<\/div>\n\t\t\t\t\t<\/div>\n\t\t<\/section>\n\t\t\t\t<\/div>","protected":false},"excerpt":{"rendered":"<div class=\"tmnf_excerpt\"><p>Contactez-nous GIDA S.A. P\u00f4le 430 &#8211; 22 rue de la Charente 68270 WITTENHEIM Alsace &#8211; France 03 89 51 38 38\u00a0 GIDA S.A. P\u00f4le 430 &#8211; 22 rue de la Charente 68270 WITTENHEIM Alsace &#8211; France 03 89 51 38 38\u00a0 Votre message a \u00e9t\u00e9 envoy\u00e9 avec succ\u00e8s. Notre \u00e9quipe se chargera de revenir vers &hellip;<\/p>\n<\/div>","protected":false},"author":1,"featured_media":0,"parent":0,"menu_order":0,"comment_status":"closed","ping_status":"closed","template":"elementor_header_footer","meta":{"footnotes":""},"class_list":["post-13338","page","type-page","status-publish","hentry"],"yoast_head":"<!-- This site is optimized with the Yoast SEO plugin v27.3 - https:\/\/yoast.com\/product\/yoast-seo-wordpress\/ -->\n<title>Gida Confiserie - Devis et contact<\/title>\n<meta name=\"description\" content=\"Contactez la soci\u00e9t\u00e9 Gida pour obtenir un devis ou un renseignement sur la fabrication de confiseries \u00e0 fa\u00e7on.\" \/>\n<meta name=\"robots\" content=\"index, follow, max-snippet:-1, max-image-preview:large, max-video-preview:-1\" \/>\n<link rel=\"canonical\" href=\"https:\/\/www.gida.fr\/en\/contact-us-2\/\" \/>\n<meta property=\"og:locale\" content=\"en_GB\" \/>\n<meta property=\"og:type\" content=\"article\" \/>\n<meta property=\"og:title\" content=\"Gida Confiserie - Devis et contact\" \/>\n<meta property=\"og:description\" content=\"Contactez la soci\u00e9t\u00e9 Gida pour obtenir un devis ou un renseignement sur la fabrication de confiseries \u00e0 fa\u00e7on.\" \/>\n<meta property=\"og:url\" content=\"https:\/\/www.gida.fr\/en\/contact-us-2\/\" \/>\n<meta property=\"og:site_name\" content=\"Gida\" \/>\n<meta property=\"article:modified_time\" content=\"2023-04-14T12:02:53+00:00\" \/>\n<meta name=\"twitter:card\" content=\"summary_large_image\" \/>\n<meta name=\"twitter:label1\" content=\"Estimated reading time\" \/>\n\t<meta name=\"twitter:data1\" content=\"1 minute\" \/>\n<script type=\"application\/ld+json\" class=\"yoast-schema-graph\">{\"@context\":\"https:\\\/\\\/schema.org\",\"@graph\":[{\"@type\":\"WebPage\",\"@id\":\"https:\\\/\\\/www.gida.fr\\\/contact-confirmation\\\/\",\"url\":\"https:\\\/\\\/www.gida.fr\\\/contact-confirmation\\\/\",\"name\":\"Gida Confiserie - Devis et contact\",\"isPartOf\":{\"@id\":\"https:\\\/\\\/www.gida.fr\\\/#website\"},\"datePublished\":\"2023-04-14T11:50:16+00:00\",\"dateModified\":\"2023-04-14T12:02:53+00:00\",\"description\":\"Contactez la soci\u00e9t\u00e9 Gida pour obtenir un devis ou un renseignement sur la fabrication de confiseries \u00e0 fa\u00e7on.\",\"breadcrumb\":{\"@id\":\"https:\\\/\\\/www.gida.fr\\\/contact-confirmation\\\/#breadcrumb\"},\"inLanguage\":\"en-GB\",\"potentialAction\":[{\"@type\":\"ReadAction\",\"target\":[\"https:\\\/\\\/www.gida.fr\\\/contact-confirmation\\\/\"]}]},{\"@type\":\"BreadcrumbList\",\"@id\":\"https:\\\/\\\/www.gida.fr\\\/contact-confirmation\\\/#breadcrumb\",\"itemListElement\":[{\"@type\":\"ListItem\",\"position\":1,\"name\":\"Accueil\",\"item\":\"https:\\\/\\\/www.gida.fr\\\/\"},{\"@type\":\"ListItem\",\"position\":2,\"name\":\"Contact : Confirmation\"}]},{\"@type\":\"WebSite\",\"@id\":\"https:\\\/\\\/www.gida.fr\\\/#website\",\"url\":\"https:\\\/\\\/www.gida.fr\\\/\",\"name\":\"Gida\",\"description\":\"\",\"potentialAction\":[{\"@type\":\"SearchAction\",\"target\":{\"@type\":\"EntryPoint\",\"urlTemplate\":\"https:\\\/\\\/www.gida.fr\\\/?s={search_term_string}\"},\"query-input\":{\"@type\":\"PropertyValueSpecification\",\"valueRequired\":true,\"valueName\":\"search_term_string\"}}],\"inLanguage\":\"en-GB\"}]}<\/script>\n<!-- \/ Yoast SEO plugin. -->","yoast_head_json":{"title":"Gida Confiserie - Devis et contact","description":"Contactez la soci\u00e9t\u00e9 Gida pour obtenir un devis ou un renseignement sur la fabrication de confiseries \u00e0 fa\u00e7on.","robots":{"index":"index","follow":"follow","max-snippet":"max-snippet:-1","max-image-preview":"max-image-preview:large","max-video-preview":"max-video-preview:-1"},"canonical":"https:\/\/www.gida.fr\/en\/contact-us-2\/","og_locale":"en_GB","og_type":"article","og_title":"Gida Confiserie - Devis et contact","og_description":"Contactez la soci\u00e9t\u00e9 Gida pour obtenir un devis ou un renseignement sur la fabrication de confiseries \u00e0 fa\u00e7on.","og_url":"https:\/\/www.gida.fr\/en\/contact-us-2\/","og_site_name":"Gida","article_modified_time":"2023-04-14T12:02:53+00:00","twitter_card":"summary_large_image","twitter_misc":{"Estimated reading time":"1 minute"},"schema":{"@context":"https:\/\/schema.org","@graph":[{"@type":"WebPage","@id":"https:\/\/www.gida.fr\/contact-confirmation\/","url":"https:\/\/www.gida.fr\/contact-confirmation\/","name":"Gida Confiserie - Devis et contact","isPartOf":{"@id":"https:\/\/www.gida.fr\/#website"},"datePublished":"2023-04-14T11:50:16+00:00","dateModified":"2023-04-14T12:02:53+00:00","description":"Contactez la soci\u00e9t\u00e9 Gida pour obtenir un devis ou un renseignement sur la fabrication de confiseries \u00e0 fa\u00e7on.","breadcrumb":{"@id":"https:\/\/www.gida.fr\/contact-confirmation\/#breadcrumb"},"inLanguage":"en-GB","potentialAction":[{"@type":"ReadAction","target":["https:\/\/www.gida.fr\/contact-confirmation\/"]}]},{"@type":"BreadcrumbList","@id":"https:\/\/www.gida.fr\/contact-confirmation\/#breadcrumb","itemListElement":[{"@type":"ListItem","position":1,"name":"Accueil","item":"https:\/\/www.gida.fr\/"},{"@type":"ListItem","position":2,"name":"Contact : Confirmation"}]},{"@type":"WebSite","@id":"https:\/\/www.gida.fr\/#website","url":"https:\/\/www.gida.fr\/","name":"Gida","description":"","potentialAction":[{"@type":"SearchAction","target":{"@type":"EntryPoint","urlTemplate":"https:\/\/www.gida.fr\/?s={search_term_string}"},"query-input":{"@type":"PropertyValueSpecification","valueRequired":true,"valueName":"search_term_string"}}],"inLanguage":"en-GB"}]}},"_links":{"self":[{"href":"https:\/\/www.gida.fr\/en\/wp-json\/wp\/v2\/pages\/13338","targetHints":{"allow":["GET"]}}],"collection":[{"href":"https:\/\/www.gida.fr\/en\/wp-json\/wp\/v2\/pages"}],"about":[{"href":"https:\/\/www.gida.fr\/en\/wp-json\/wp\/v2\/types\/page"}],"author":[{"embeddable":true,"href":"https:\/\/www.gida.fr\/en\/wp-json\/wp\/v2\/users\/1"}],"replies":[{"embeddable":true,"href":"https:\/\/www.gida.fr\/en\/wp-json\/wp\/v2\/comments?post=13338"}],"version-history":[{"count":7,"href":"https:\/\/www.gida.fr\/en\/wp-json\/wp\/v2\/pages\/13338\/revisions"}],"predecessor-version":[{"id":13368,"href":"https:\/\/www.gida.fr\/en\/wp-json\/wp\/v2\/pages\/13338\/revisions\/13368"}],"wp:attachment":[{"href":"https:\/\/www.gida.fr\/en\/wp-json\/wp\/v2\/media?parent=13338"}],"curies":[{"name":"wp","href":"https:\/\/api.w.org\/{rel}","templated":true}]}}